{"id":1410,"date":"2022-01-05T11:05:58","date_gmt":"2022-01-05T11:05:58","guid":{"rendered":"https:\/\/multidados.com\/inmarket\/"},"modified":"2022-01-10T12:13:02","modified_gmt":"2022-01-10T12:13:02","slug":"inmarket","status":"publish","type":"page","link":"https:\/\/multidados.com\/es\/inmarket\/","title":{"rendered":"inMarket"},"content":{"rendered":"<div class=\"wpb-content-wrapper\"><p>[vc_row][vc_column][vc_empty_space height=&#8221;55px&#8221;][vc_hoverbox image=&#8221;1011&#8243; primary_title=&#8221;&#8221; hover_title=&#8221;inMARKET&#8221; hover_title_google_fonts=&#8221;font_family:Alef%3Aregular%2C700|font_style:700%20bold%20regular%3A700%3Anormal&#8221; hover_background_color=&#8221;orange&#8221; use_custom_fonts_hover_title=&#8221;true&#8221;]<\/p>\n<p style=\"margin: 0cm; text-align: center; background: #F7BE68; box-sizing: border-box; backface-visibility: hidden; font-variant-ligatures: normal; font-variant-caps: normal; orphans: 2; widows: 2; -webkit-text-stroke-width: 0px; text-decoration-thickness: initial; text-decoration-style: initial; text-decoration-color: initial; word-spacing: 0px;\" align=\"center\"><span style=\"font-size: 10.5pt; font-family: 'Raleway',sans-serif; color: white;\">Um dos muitos instrumentos de recolha de dados, desenvolvidos pela multidados.com, que permite conhecer a vis\u00e3o genu\u00edna dos clientes e\/ou consumidores, de forma cont\u00ednua<\/span><\/p>\n<p>[\/vc_hoverbox][vc_empty_space][vc_column_text]<\/p>\n<p class=\"sh-heading-content size-m text-center\" style=\"text-align: left;\"><strong><span style=\"color: #ffa500; font-size: 21px;\">inMARKET<\/span><\/strong><\/p>\n<p>En un mundo en constante cambio y cada vez m\u00e1s vol\u00e1til, es fundamental reunir pruebas, traductores de los intereses m\u00e1s recientes.<\/p>\n<p>No basta con conocer la realidad, es necesario saber descifrarla para interpretar con pericia los hechos recogidos.<\/p>\n<p>Ante esta necesidad y la constante mutaci\u00f3n de la sociedad, surgi\u00f3 inMARKET, cuya finalidad es conocer la realidad, auditando (trimestralmente) las percepciones, pensamientos, emociones, sentimientos, necesidades y aspiraciones, etc., de los consumidores y \/ o clientes para marcas. La gran ventaja competitiva de este estudio de mercado es la provisi\u00f3n de revisiones trimestrales, lo que permite a las marcas sacar conclusiones en tiempo real y actuar al instante.<\/p>\n<p>inMARKET est\u00e1 dirigido a todas las marcas y empresas que aspiren a incrementar su nivel de proyecci\u00f3n y reconocimiento con el fin de ganar y retener m\u00e1s clientes que, de esta forma, contribuyan a incrementar su facturaci\u00f3n.[\/vc_column_text][vc_empty_space][\/vc_column][\/vc_row][vc_row][vc_column][vc_btn title=&#8221;Saber Mas&#8221; color=&#8221;warning&#8221; size=&#8221;lg&#8221; align=&#8221;center&#8221; link=&#8221;url:mailto%3Amultidados%40multidados.com|target:_blank&#8221;][vc_images_carousel images=&#8221;1066,1067,1068,1069,1070,1071,1072&#8243; img_size=&#8221;full&#8221; title=&#8221;inMARKET&#8221;][vc_empty_space][\/vc_column][\/vc_row]<\/p>\n<\/div>","protected":false},"excerpt":{"rendered":"<p>[vc_row][vc_column][vc_empty_space height=&#8221;55px&#8221;][vc_hoverbox image=&#8221;1011&#8243; primary_title=&#8221;&#8221; hover_title=&#8221;inMARKET&#8221; hover_title_google_fonts=&#8221;font_family:Alef%3Aregular%2C700|font_style:700%20bold%20regular%3A700%3Anormal&#8221; hover_background_color=&#8221;orange&#8221; use_custom_fonts_hover_title=&#8221;true&#8221;] Um dos muitos instrumentos de recolha de dados, desenvolvidos pela multidados.com, que permite conhecer a vis\u00e3o genu\u00edna dos clientes e\/ou consumidores, de forma cont\u00ednua [\/vc_hoverbox][vc_empty_space][vc_column_text] inMARKET En un mundo en constante cambio y cada vez m\u00e1s vol\u00e1til,&#8230;<\/p>\n","protected":false},"author":1,"featured_media":0,"parent":0,"menu_order":3,"comment_status":"closed","ping_status":"closed","template":"","meta":{"footnotes":""},"class_list":["post-1410","page","type-page","status-publish","hentry"],"yoast_head":"<!-- This site is optimized with the Yoast SEO plugin v27.4 - https:\/\/yoast.com\/product\/yoast-seo-wordpress\/ -->\n<title>inMarket - multidados.com<\/title>\n<meta name=\"robots\" content=\"index, follow, max-snippet:-1, max-image-preview:large, max-video-preview:-1\" \/>\n<link rel=\"canonical\" href=\"https:\/\/multidados.com\/inmarket\/\" \/>\n<meta property=\"og:locale\" content=\"es_ES\" \/>\n<meta property=\"og:type\" content=\"article\" \/>\n<meta property=\"og:title\" content=\"inMarket - multidados.com\" \/>\n<meta property=\"og:description\" content=\"[vc_row][vc_column][vc_empty_space height=&#8221;55px&#8221;][vc_hoverbox image=&#8221;1011&#8243; primary_title=&#8221;&#8221; hover_title=&#8221;inMARKET&#8221; hover_title_google_fonts=&#8221;font_family:Alef%3Aregular%2C700|font_style:700%20bold%20regular%3A700%3Anormal&#8221; hover_background_color=&#8221;orange&#8221; use_custom_fonts_hover_title=&#8221;true&#8221;] Um dos muitos instrumentos de recolha de dados, desenvolvidos pela multidados.com, que permite conhecer a vis\u00e3o genu\u00edna dos clientes e\/ou consumidores, de forma cont\u00ednua [\/vc_hoverbox][vc_empty_space][vc_column_text] inMARKET En un mundo en constante cambio y cada vez m\u00e1s vol\u00e1til,...\" \/>\n<meta property=\"og:url\" content=\"https:\/\/multidados.com\/inmarket\/\" \/>\n<meta property=\"og:site_name\" content=\"multidados.com\" \/>\n<meta property=\"article:publisher\" content=\"https:\/\/www.facebook.com\/multidadoscom\" \/>\n<meta property=\"article:modified_time\" content=\"2022-01-10T12:13:02+00:00\" \/>\n<meta name=\"twitter:card\" content=\"summary_large_image\" \/>\n<meta name=\"twitter:label1\" content=\"Tiempo de lectura\" \/>\n\t<meta name=\"twitter:data1\" content=\"1 minuto\" \/>\n<script type=\"application\/ld+json\" class=\"yoast-schema-graph\">{\"@context\":\"https:\\\/\\\/schema.org\",\"@graph\":[{\"@type\":\"WebPage\",\"@id\":\"https:\\\/\\\/multidados.com\\\/inmarket\\\/\",\"url\":\"https:\\\/\\\/multidados.com\\\/inmarket\\\/\",\"name\":\"inMarket - multidados.com\",\"isPartOf\":{\"@id\":\"https:\\\/\\\/multidados.com\\\/#website\"},\"datePublished\":\"2022-01-05T11:05:58+00:00\",\"dateModified\":\"2022-01-10T12:13:02+00:00\",\"breadcrumb\":{\"@id\":\"https:\\\/\\\/multidados.com\\\/inmarket\\\/#breadcrumb\"},\"inLanguage\":\"es\",\"potentialAction\":[{\"@type\":\"ReadAction\",\"target\":[\"https:\\\/\\\/multidados.com\\\/inmarket\\\/\"]}]},{\"@type\":\"BreadcrumbList\",\"@id\":\"https:\\\/\\\/multidados.com\\\/inmarket\\\/#breadcrumb\",\"itemListElement\":[{\"@type\":\"ListItem\",\"position\":1,\"name\":\"Home\",\"item\":\"https:\\\/\\\/multidados.com\\\/es\\\/\"},{\"@type\":\"ListItem\",\"position\":2,\"name\":\"inMarket\"}]},{\"@type\":\"WebSite\",\"@id\":\"https:\\\/\\\/multidados.com\\\/#website\",\"url\":\"https:\\\/\\\/multidados.com\\\/\",\"name\":\"multidados.com\",\"description\":\" the research agency\",\"publisher\":{\"@id\":\"https:\\\/\\\/multidados.com\\\/#organization\"},\"potentialAction\":[{\"@type\":\"SearchAction\",\"target\":{\"@type\":\"EntryPoint\",\"urlTemplate\":\"https:\\\/\\\/multidados.com\\\/?s={search_term_string}\"},\"query-input\":{\"@type\":\"PropertyValueSpecification\",\"valueRequired\":true,\"valueName\":\"search_term_string\"}}],\"inLanguage\":\"es\"},{\"@type\":\"Organization\",\"@id\":\"https:\\\/\\\/multidados.com\\\/#organization\",\"name\":\"multidados.com\",\"url\":\"https:\\\/\\\/multidados.com\\\/\",\"logo\":{\"@type\":\"ImageObject\",\"inLanguage\":\"es\",\"@id\":\"https:\\\/\\\/multidados.com\\\/#\\\/schema\\\/logo\\\/image\\\/\",\"url\":\"https:\\\/\\\/multidados.com\\\/wp-content\\\/uploads\\\/2021\\\/09\\\/Logo-V.Principal.png\",\"contentUrl\":\"https:\\\/\\\/multidados.com\\\/wp-content\\\/uploads\\\/2021\\\/09\\\/Logo-V.Principal.png\",\"width\":1200,\"height\":712,\"caption\":\"multidados.com\"},\"image\":{\"@id\":\"https:\\\/\\\/multidados.com\\\/#\\\/schema\\\/logo\\\/image\\\/\"},\"sameAs\":[\"https:\\\/\\\/www.facebook.com\\\/multidadoscom\",\"https:\\\/\\\/www.instagram.com\\\/multidadoscom\\\/\"]}]}<\/script>\n<!-- \/ Yoast SEO plugin. -->","yoast_head_json":{"title":"inMarket - multidados.com","robots":{"index":"index","follow":"follow","max-snippet":"max-snippet:-1","max-image-preview":"max-image-preview:large","max-video-preview":"max-video-preview:-1"},"canonical":"https:\/\/multidados.com\/inmarket\/","og_locale":"es_ES","og_type":"article","og_title":"inMarket - multidados.com","og_description":"[vc_row][vc_column][vc_empty_space height=&#8221;55px&#8221;][vc_hoverbox image=&#8221;1011&#8243; primary_title=&#8221;&#8221; hover_title=&#8221;inMARKET&#8221; hover_title_google_fonts=&#8221;font_family:Alef%3Aregular%2C700|font_style:700%20bold%20regular%3A700%3Anormal&#8221; hover_background_color=&#8221;orange&#8221; use_custom_fonts_hover_title=&#8221;true&#8221;] Um dos muitos instrumentos de recolha de dados, desenvolvidos pela multidados.com, que permite conhecer a vis\u00e3o genu\u00edna dos clientes e\/ou consumidores, de forma cont\u00ednua [\/vc_hoverbox][vc_empty_space][vc_column_text] inMARKET En un mundo en constante cambio y cada vez m\u00e1s vol\u00e1til,...","og_url":"https:\/\/multidados.com\/inmarket\/","og_site_name":"multidados.com","article_publisher":"https:\/\/www.facebook.com\/multidadoscom","article_modified_time":"2022-01-10T12:13:02+00:00","twitter_card":"summary_large_image","twitter_misc":{"Tiempo de lectura":"1 minuto"},"schema":{"@context":"https:\/\/schema.org","@graph":[{"@type":"WebPage","@id":"https:\/\/multidados.com\/inmarket\/","url":"https:\/\/multidados.com\/inmarket\/","name":"inMarket - multidados.com","isPartOf":{"@id":"https:\/\/multidados.com\/#website"},"datePublished":"2022-01-05T11:05:58+00:00","dateModified":"2022-01-10T12:13:02+00:00","breadcrumb":{"@id":"https:\/\/multidados.com\/inmarket\/#breadcrumb"},"inLanguage":"es","potentialAction":[{"@type":"ReadAction","target":["https:\/\/multidados.com\/inmarket\/"]}]},{"@type":"BreadcrumbList","@id":"https:\/\/multidados.com\/inmarket\/#breadcrumb","itemListElement":[{"@type":"ListItem","position":1,"name":"Home","item":"https:\/\/multidados.com\/es\/"},{"@type":"ListItem","position":2,"name":"inMarket"}]},{"@type":"WebSite","@id":"https:\/\/multidados.com\/#website","url":"https:\/\/multidados.com\/","name":"multidados.com","description":" the research agency","publisher":{"@id":"https:\/\/multidados.com\/#organization"},"potentialAction":[{"@type":"SearchAction","target":{"@type":"EntryPoint","urlTemplate":"https:\/\/multidados.com\/?s={search_term_string}"},"query-input":{"@type":"PropertyValueSpecification","valueRequired":true,"valueName":"search_term_string"}}],"inLanguage":"es"},{"@type":"Organization","@id":"https:\/\/multidados.com\/#organization","name":"multidados.com","url":"https:\/\/multidados.com\/","logo":{"@type":"ImageObject","inLanguage":"es","@id":"https:\/\/multidados.com\/#\/schema\/logo\/image\/","url":"https:\/\/multidados.com\/wp-content\/uploads\/2021\/09\/Logo-V.Principal.png","contentUrl":"https:\/\/multidados.com\/wp-content\/uploads\/2021\/09\/Logo-V.Principal.png","width":1200,"height":712,"caption":"multidados.com"},"image":{"@id":"https:\/\/multidados.com\/#\/schema\/logo\/image\/"},"sameAs":["https:\/\/www.facebook.com\/multidadoscom","https:\/\/www.instagram.com\/multidadoscom\/"]}]}},"amp_enabled":true,"_links":{"self":[{"href":"https:\/\/multidados.com\/es\/wp-json\/wp\/v2\/pages\/1410","targetHints":{"allow":["GET"]}}],"collection":[{"href":"https:\/\/multidados.com\/es\/wp-json\/wp\/v2\/pages"}],"about":[{"href":"https:\/\/multidados.com\/es\/wp-json\/wp\/v2\/types\/page"}],"author":[{"embeddable":true,"href":"https:\/\/multidados.com\/es\/wp-json\/wp\/v2\/users\/1"}],"replies":[{"embeddable":true,"href":"https:\/\/multidados.com\/es\/wp-json\/wp\/v2\/comments?post=1410"}],"version-history":[{"count":0,"href":"https:\/\/multidados.com\/es\/wp-json\/wp\/v2\/pages\/1410\/revisions"}],"wp:attachment":[{"href":"https:\/\/multidados.com\/es\/wp-json\/wp\/v2\/media?parent=1410"}],"curies":[{"name":"wp","href":"https:\/\/api.w.org\/{rel}","templated":true}]}}