{"id":1422,"date":"2022-01-05T11:05:59","date_gmt":"2022-01-05T11:05:59","guid":{"rendered":"https:\/\/multidados.com\/inbrands\/"},"modified":"2022-01-06T18:21:27","modified_gmt":"2022-01-06T18:21:27","slug":"inbrands","status":"publish","type":"page","link":"https:\/\/multidados.com\/en\/inbrands\/","title":{"rendered":"inBrands"},"content":{"rendered":"<div class=\"wpb-content-wrapper\"><p>[vc_row overflow=&#8221;default&#8221; css=&#8221;.vc_custom_1631358731582{padding-top: 70px !important;padding-bottom: 70px !important;}&#8221;][vc_column][vc_column_text]<\/p>\r\n\r\n<h2 class=\"wp-block-heading\">inBRANDS<\/h2>\r\n<p>Os canais de comunica\u00e7\u00e3o s\u00e3o ferramentas usadas pelas marcas para comunicarem com o seu p\u00fablico alvo e permitem acompanhar todo o processo de venda e obter feedbacks essenciais.<\/p>\r\n<p>O consumidor \u00e9 o mais importante neste processo e numa altura em que os canais de comunica\u00e7\u00e3o se multiplicam e a informa\u00e7\u00e3o retida \u00e9 cada vez mais reduzida, surge o desafio maior para as marcas de procurarem e criarem novas formas de comunica\u00e7\u00e3o diferenciadas, mas, ao mesmo, tempo adequadas ao seu p\u00fablico.<\/p>\r\n<p>De modo a potenciar cada vez mais a proximidade entre os consumidores e as marcas, a multidados.com criou tr\u00eas planos inBRANDS, os quais aproximar\u00e3o, de modos diferentes, as marcas ao seu p\u00fablico alvo e tamb\u00e9m potenciais clientes. Estes planos permitir\u00e3o a experi\u00eancia, o engagement com a marca e a partilha de experi\u00eancia de consumo, assim como<br \/>a avalia\u00e7\u00e3o de fatores chave e essenciais para as marcas se posicionarem no mercado.[\/vc_column_text][\/vc_column][\/vc_row][vc_row][vc_column width=&#8221;1\/2&#8243;][vc_column_text]<\/p>\r\n<h2>O MODELO<\/h2>\r\n<p>[\/vc_column_text][vc_column_text]<\/p>\r\n<h3>PROCESSO<\/h3>\r\n<p>[\/vc_column_text][vc_column_text]<strong>1 &#8211; Produtos<\/strong><\/p>\r\n<p>Produto\/servi\u00e7o disponibilizado de forma direta ou atrav\u00e9s de vouchers;<\/p>\r\n<p><strong>2 &#8211; Pessoas<\/strong><\/p>\r\n<p>Segmentadas com crit\u00e9rios definidos pela marca;<\/p>\r\n<p><strong>3 &#8211; Comunica\u00e7\u00e3o<\/strong><\/p>\r\n<p>Divulga\u00e7\u00e3o, avalia\u00e7\u00e3o, win awareness, win engagement<\/p>\r\n<p><strong>4 &#8211; Resultados<\/strong><\/p>\r\n<p>Avalia\u00e7\u00f5es da a\u00e7\u00f5es atrav\u00e9s dos resultados digitais e da expertise da multidados.com<\/p>\r\n<p>[\/vc_column_text][vc_btn title=&#8221;know more&#8221; color=&#8221;warning&#8221; custom_onclick=&#8221;true&#8221; link=&#8221;url:https%3A%2F%2Fmultidados.com%2Fsite%2Fwp-content%2Fuploads%2F2021%2F09%2FInBrands2_compressed-1.pdf|target:_blank&#8221;][\/vc_column][vc_column width=&#8221;1\/2&#8243;][vc_single_image image=&#8221;1097&#8243; img_size=&#8221;500&#215;500&#8243; alignment=&#8221;center&#8221; onclick=&#8221;custom_link&#8221; link=&#8221;https:\/\/multidados.com\/wp-content\/uploads\/2021\/09\/InBrands2_compressed-1.pdf&#8221;][\/vc_column][\/vc_row][vc_row][vc_column][vc_empty_space][\/vc_column][\/vc_row][vc_row][vc_column][vc_column_text]<\/p>\r\n<p>[\/vc_column_text][\/vc_column][\/vc_row]<\/p><\/div>","protected":false},"excerpt":{"rendered":"<p>[vc_row overflow=&#8221;default&#8221; css=&#8221;.vc_custom_1631358731582{padding-top: 70px !important;padding-bottom: 70px !important;}&#8221;][vc_column][vc_column_text] inBRANDS Os canais de comunica\u00e7\u00e3o s\u00e3o ferramentas usadas pelas marcas para comunicarem com o seu p\u00fablico alvo e permitem acompanhar todo o processo de venda e obter feedbacks essenciais. O consumidor \u00e9 o mais importante neste processo e&#8230;<\/p>\n","protected":false},"author":1,"featured_media":0,"parent":0,"menu_order":2,"comment_status":"closed","ping_status":"closed","template":"","meta":{"footnotes":""},"class_list":["post-1422","page","type-page","status-publish","hentry"],"yoast_head":"<!-- This site is optimized with the Yoast SEO plugin v27.4 - https:\/\/yoast.com\/product\/yoast-seo-wordpress\/ -->\n<title>inBrands - multidados.com<\/title>\n<meta name=\"robots\" content=\"index, follow, max-snippet:-1, max-image-preview:large, max-video-preview:-1\" \/>\n<link rel=\"canonical\" href=\"https:\/\/multidados.com\/inbrands\/\" \/>\n<meta property=\"og:locale\" content=\"en_US\" \/>\n<meta property=\"og:type\" content=\"article\" \/>\n<meta property=\"og:title\" content=\"inBrands - multidados.com\" \/>\n<meta property=\"og:description\" content=\"[vc_row overflow=&#8221;default&#8221; css=&#8221;.vc_custom_1631358731582{padding-top: 70px !important;padding-bottom: 70px !important;}&#8221;][vc_column][vc_column_text] inBRANDS Os canais de comunica\u00e7\u00e3o s\u00e3o ferramentas usadas pelas marcas para comunicarem com o seu p\u00fablico alvo e permitem acompanhar todo o processo de venda e obter feedbacks essenciais. O consumidor \u00e9 o mais importante neste processo e...\" \/>\n<meta property=\"og:url\" content=\"https:\/\/multidados.com\/inbrands\/\" \/>\n<meta property=\"og:site_name\" content=\"multidados.com\" \/>\n<meta property=\"article:publisher\" content=\"https:\/\/www.facebook.com\/multidadoscom\" \/>\n<meta property=\"article:modified_time\" content=\"2022-01-06T18:21:27+00:00\" \/>\n<meta name=\"twitter:card\" content=\"summary_large_image\" \/>\n<meta name=\"twitter:label1\" content=\"Est. reading time\" \/>\n\t<meta name=\"twitter:data1\" content=\"2 minutes\" \/>\n<script type=\"application\/ld+json\" class=\"yoast-schema-graph\">{\"@context\":\"https:\\\/\\\/schema.org\",\"@graph\":[{\"@type\":\"WebPage\",\"@id\":\"https:\\\/\\\/multidados.com\\\/inbrands\\\/\",\"url\":\"https:\\\/\\\/multidados.com\\\/inbrands\\\/\",\"name\":\"inBrands - multidados.com\",\"isPartOf\":{\"@id\":\"https:\\\/\\\/multidados.com\\\/#website\"},\"datePublished\":\"2022-01-05T11:05:59+00:00\",\"dateModified\":\"2022-01-06T18:21:27+00:00\",\"breadcrumb\":{\"@id\":\"https:\\\/\\\/multidados.com\\\/inbrands\\\/#breadcrumb\"},\"inLanguage\":\"en-US\",\"potentialAction\":[{\"@type\":\"ReadAction\",\"target\":[\"https:\\\/\\\/multidados.com\\\/inbrands\\\/\"]}]},{\"@type\":\"BreadcrumbList\",\"@id\":\"https:\\\/\\\/multidados.com\\\/inbrands\\\/#breadcrumb\",\"itemListElement\":[{\"@type\":\"ListItem\",\"position\":1,\"name\":\"Home\",\"item\":\"https:\\\/\\\/multidados.com\\\/en\\\/\"},{\"@type\":\"ListItem\",\"position\":2,\"name\":\"inBrands\"}]},{\"@type\":\"WebSite\",\"@id\":\"https:\\\/\\\/multidados.com\\\/#website\",\"url\":\"https:\\\/\\\/multidados.com\\\/\",\"name\":\"multidados.com\",\"description\":\" the research agency\",\"publisher\":{\"@id\":\"https:\\\/\\\/multidados.com\\\/#organization\"},\"potentialAction\":[{\"@type\":\"SearchAction\",\"target\":{\"@type\":\"EntryPoint\",\"urlTemplate\":\"https:\\\/\\\/multidados.com\\\/?s={search_term_string}\"},\"query-input\":{\"@type\":\"PropertyValueSpecification\",\"valueRequired\":true,\"valueName\":\"search_term_string\"}}],\"inLanguage\":\"en-US\"},{\"@type\":\"Organization\",\"@id\":\"https:\\\/\\\/multidados.com\\\/#organization\",\"name\":\"multidados.com\",\"url\":\"https:\\\/\\\/multidados.com\\\/\",\"logo\":{\"@type\":\"ImageObject\",\"inLanguage\":\"en-US\",\"@id\":\"https:\\\/\\\/multidados.com\\\/#\\\/schema\\\/logo\\\/image\\\/\",\"url\":\"https:\\\/\\\/multidados.com\\\/wp-content\\\/uploads\\\/2021\\\/09\\\/Logo-V.Principal.png\",\"contentUrl\":\"https:\\\/\\\/multidados.com\\\/wp-content\\\/uploads\\\/2021\\\/09\\\/Logo-V.Principal.png\",\"width\":1200,\"height\":712,\"caption\":\"multidados.com\"},\"image\":{\"@id\":\"https:\\\/\\\/multidados.com\\\/#\\\/schema\\\/logo\\\/image\\\/\"},\"sameAs\":[\"https:\\\/\\\/www.facebook.com\\\/multidadoscom\",\"https:\\\/\\\/www.instagram.com\\\/multidadoscom\\\/\"]}]}<\/script>\n<!-- \/ Yoast SEO plugin. -->","yoast_head_json":{"title":"inBrands - multidados.com","robots":{"index":"index","follow":"follow","max-snippet":"max-snippet:-1","max-image-preview":"max-image-preview:large","max-video-preview":"max-video-preview:-1"},"canonical":"https:\/\/multidados.com\/inbrands\/","og_locale":"en_US","og_type":"article","og_title":"inBrands - multidados.com","og_description":"[vc_row overflow=&#8221;default&#8221; css=&#8221;.vc_custom_1631358731582{padding-top: 70px !important;padding-bottom: 70px !important;}&#8221;][vc_column][vc_column_text] inBRANDS Os canais de comunica\u00e7\u00e3o s\u00e3o ferramentas usadas pelas marcas para comunicarem com o seu p\u00fablico alvo e permitem acompanhar todo o processo de venda e obter feedbacks essenciais. O consumidor \u00e9 o mais importante neste processo e...","og_url":"https:\/\/multidados.com\/inbrands\/","og_site_name":"multidados.com","article_publisher":"https:\/\/www.facebook.com\/multidadoscom","article_modified_time":"2022-01-06T18:21:27+00:00","twitter_card":"summary_large_image","twitter_misc":{"Est. reading time":"2 minutes"},"schema":{"@context":"https:\/\/schema.org","@graph":[{"@type":"WebPage","@id":"https:\/\/multidados.com\/inbrands\/","url":"https:\/\/multidados.com\/inbrands\/","name":"inBrands - multidados.com","isPartOf":{"@id":"https:\/\/multidados.com\/#website"},"datePublished":"2022-01-05T11:05:59+00:00","dateModified":"2022-01-06T18:21:27+00:00","breadcrumb":{"@id":"https:\/\/multidados.com\/inbrands\/#breadcrumb"},"inLanguage":"en-US","potentialAction":[{"@type":"ReadAction","target":["https:\/\/multidados.com\/inbrands\/"]}]},{"@type":"BreadcrumbList","@id":"https:\/\/multidados.com\/inbrands\/#breadcrumb","itemListElement":[{"@type":"ListItem","position":1,"name":"Home","item":"https:\/\/multidados.com\/en\/"},{"@type":"ListItem","position":2,"name":"inBrands"}]},{"@type":"WebSite","@id":"https:\/\/multidados.com\/#website","url":"https:\/\/multidados.com\/","name":"multidados.com","description":" the research agency","publisher":{"@id":"https:\/\/multidados.com\/#organization"},"potentialAction":[{"@type":"SearchAction","target":{"@type":"EntryPoint","urlTemplate":"https:\/\/multidados.com\/?s={search_term_string}"},"query-input":{"@type":"PropertyValueSpecification","valueRequired":true,"valueName":"search_term_string"}}],"inLanguage":"en-US"},{"@type":"Organization","@id":"https:\/\/multidados.com\/#organization","name":"multidados.com","url":"https:\/\/multidados.com\/","logo":{"@type":"ImageObject","inLanguage":"en-US","@id":"https:\/\/multidados.com\/#\/schema\/logo\/image\/","url":"https:\/\/multidados.com\/wp-content\/uploads\/2021\/09\/Logo-V.Principal.png","contentUrl":"https:\/\/multidados.com\/wp-content\/uploads\/2021\/09\/Logo-V.Principal.png","width":1200,"height":712,"caption":"multidados.com"},"image":{"@id":"https:\/\/multidados.com\/#\/schema\/logo\/image\/"},"sameAs":["https:\/\/www.facebook.com\/multidadoscom","https:\/\/www.instagram.com\/multidadoscom\/"]}]}},"amp_enabled":true,"_links":{"self":[{"href":"https:\/\/multidados.com\/en\/wp-json\/wp\/v2\/pages\/1422","targetHints":{"allow":["GET"]}}],"collection":[{"href":"https:\/\/multidados.com\/en\/wp-json\/wp\/v2\/pages"}],"about":[{"href":"https:\/\/multidados.com\/en\/wp-json\/wp\/v2\/types\/page"}],"author":[{"embeddable":true,"href":"https:\/\/multidados.com\/en\/wp-json\/wp\/v2\/users\/1"}],"replies":[{"embeddable":true,"href":"https:\/\/multidados.com\/en\/wp-json\/wp\/v2\/comments?post=1422"}],"version-history":[{"count":0,"href":"https:\/\/multidados.com\/en\/wp-json\/wp\/v2\/pages\/1422\/revisions"}],"wp:attachment":[{"href":"https:\/\/multidados.com\/en\/wp-json\/wp\/v2\/media?parent=1422"}],"curies":[{"name":"wp","href":"https:\/\/api.w.org\/{rel}","templated":true}]}}